{"id":1819,"date":"2023-01-16T21:58:43","date_gmt":"2023-01-16T21:58:43","guid":{"rendered":"https:\/\/e-sycare.com\/quem-somos-serenidade\/"},"modified":"2023-02-23T22:20:22","modified_gmt":"2023-02-23T22:20:22","slug":"who-we-are-serenity","status":"publish","type":"page","link":"https:\/\/e-sycare.com\/en\/who-we-are-serenity\/","title":{"rendered":"Who We Are Serenity"},"content":{"rendered":"\t\t<div data-elementor-type=\"wp-post\" data-elementor-id=\"1819\" class=\"elementor elementor-1819 elementor-1690\">\n\t\t\t\t\t\t<div class=\"elementor-inner\">\n\t\t\t\t<div class=\"elementor-section-wrap\">\n\t\t\t\t\t\t\t\t\t<section class=\"elementor-section elementor-top-section elementor-element elementor-element-a4179e7 elementor-section-full_width elementor-section-height-default elementor-section-height-default\" data-id=\"a4179e7\" data-element_type=\"section\" data-settings=\"{&quot;jet_parallax_layout_list&quot;:[{&quot;_id&quot;:&quot;0d5bb85&quot;,&quot;jet_parallax_layout_speed&quot;:{&quot;unit&quot;:&quot;%&quot;,&quot;size&quot;:&quot;50&quot;,&quot;sizes&quot;:[]},&quot;jet_parallax_layout_bg_x&quot;:&quot;50&quot;,&quot;jet_parallax_layout_bg_y&quot;:&quot;50&quot;,&quot;jet_parallax_layout_image&quot;:{&quot;url&quot;:&quot;&quot;,&quot;id&quot;:&quot;&quot;,&quot;size&quot;:&quot;&quot;},&quot;jet_parallax_layout_image_tablet&quot;:{&quot;url&quot;:&quot;&quot;,&quot;id&quot;:&quot;&quot;,&quot;size&quot;:&quot;&quot;},&quot;jet_parallax_layout_image_mobile&quot;:{&quot;url&quot;:&quot;&quot;,&quot;id&quot;:&quot;&quot;,&quot;size&quot;:&quot;&quot;},&quot;jet_parallax_layout_type&quot;:&quot;scroll&quot;,&quot;jet_parallax_layout_direction&quot;:null,&quot;jet_parallax_layout_fx_direction&quot;:null,&quot;jet_parallax_layout_z_index&quot;:&quot;&quot;,&quot;jet_parallax_layout_bg_x_tablet&quot;:&quot;&quot;,&quot;jet_parallax_layout_bg_x_mobile&quot;:&quot;&quot;,&quot;jet_parallax_layout_bg_y_tablet&quot;:&quot;&quot;,&quot;jet_parallax_layout_bg_y_mobile&quot;:&quot;&quot;,&quot;jet_parallax_layout_bg_size&quot;:&quot;auto&quot;,&quot;jet_parallax_layout_bg_size_tablet&quot;:&quot;&quot;,&quot;jet_parallax_layout_bg_size_mobile&quot;:&quot;&quot;,&quot;jet_parallax_layout_animation_prop&quot;:&quot;transform&quot;,&quot;jet_parallax_layout_on&quot;:[&quot;desktop&quot;,&quot;tablet&quot;]}]}\">\n\t\t\t\t\t\t<div class=\"elementor-container elementor-column-gap-default\">\n\t\t\t\t\t\t\t<div class=\"elementor-row\">\n\t\t\t\t\t<div class=\"elementor-column elementor-col-100 elementor-top-column elementor-element elementor-element-15c38efb\" data-id=\"15c38efb\" data-element_type=\"column\">\n\t\t\t<div class=\"elementor-column-wrap elementor-element-populated\">\n\t\t\t\t\t\t\t<div class=\"elementor-widget-wrap\">\n\t\t\t\t\t\t<div class=\"elementor-element elementor-element-25fe1f6 elementor-widget__width-auto elementor-absolute elementor-widget elementor-widget-raven-image\" data-id=\"25fe1f6\" data-element_type=\"widget\" data-settings=\"{&quot;_position&quot;:&quot;absolute&quot;}\" data-widget_type=\"raven-image.default\">\n\t\t\t\t<div class=\"elementor-widget-container\">\n\t\t\t\t\t<div class=\"raven-image\">\n\t\t\n\t\t\n\t\t<img width=\"556\" height=\"460\" src=\"https:\/\/e-sycare.com\/wp-content\/uploads\/2019\/09\/home-bg-01-grey.png\" class=\"attachment-full size-full wp-image-1055\" alt=\"\" decoding=\"async\" loading=\"lazy\" srcset=\"https:\/\/e-sycare.com\/wp-content\/uploads\/2019\/09\/home-bg-01-grey.png 556w, https:\/\/e-sycare.com\/wp-content\/uploads\/2019\/09\/home-bg-01-grey-300x248.png 300w\" sizes=\"(max-width: 556px) 100vw, 556px\" \/>\t\t<\/div>\n\t\t\t\t<\/div>\n\t\t\t\t<\/div>\n\t\t\t\t<div class=\"elementor-element elementor-element-4bfeaf12 elementor-widget__width-auto elementor-absolute elementor-widget elementor-widget-raven-image\" data-id=\"4bfeaf12\" data-element_type=\"widget\" data-settings=\"{&quot;_position&quot;:&quot;absolute&quot;}\" data-widget_type=\"raven-image.default\">\n\t\t\t\t<div class=\"elementor-widget-container\">\n\t\t\t\t\t<div class=\"raven-image\">\n\t\t\n\t\t\n\t\t<img width=\"539\" height=\"690\" src=\"https:\/\/e-sycare.com\/wp-content\/uploads\/2019\/07\/our-services-02.png\" class=\"attachment-full size-full wp-image-1005\" alt=\"\" decoding=\"async\" loading=\"lazy\" srcset=\"https:\/\/e-sycare.com\/wp-content\/uploads\/2019\/07\/our-services-02.png 539w, https:\/\/e-sycare.com\/wp-content\/uploads\/2019\/07\/our-services-02-234x300.png 234w\" sizes=\"(max-width: 539px) 100vw, 539px\" \/>\t\t<\/div>\n\t\t\t\t<\/div>\n\t\t\t\t<\/div>\n\t\t\t\t<section class=\"elementor-section elementor-inner-section elementor-element elementor-element-1b7c1959 elementor-section-boxed elementor-section-height-default elementor-section-height-default\" data-id=\"1b7c1959\" data-element_type=\"section\" data-settings=\"{&quot;jet_parallax_layout_list&quot;:[{&quot;_id&quot;:&quot;e4fcda7&quot;,&quot;jet_parallax_layout_speed&quot;:{&quot;unit&quot;:&quot;%&quot;,&quot;size&quot;:&quot;50&quot;,&quot;sizes&quot;:[]},&quot;jet_parallax_layout_bg_x&quot;:&quot;50&quot;,&quot;jet_parallax_layout_bg_y&quot;:&quot;50&quot;,&quot;jet_parallax_layout_image&quot;:{&quot;url&quot;:&quot;&quot;,&quot;id&quot;:&quot;&quot;,&quot;size&quot;:&quot;&quot;},&quot;jet_parallax_layout_image_tablet&quot;:{&quot;url&quot;:&quot;&quot;,&quot;id&quot;:&quot;&quot;,&quot;size&quot;:&quot;&quot;},&quot;jet_parallax_layout_image_mobile&quot;:{&quot;url&quot;:&quot;&quot;,&quot;id&quot;:&quot;&quot;,&quot;size&quot;:&quot;&quot;},&quot;jet_parallax_layout_type&quot;:&quot;scroll&quot;,&quot;jet_parallax_layout_direction&quot;:null,&quot;jet_parallax_layout_fx_direction&quot;:null,&quot;jet_parallax_layout_z_index&quot;:&quot;&quot;,&quot;jet_parallax_layout_bg_x_tablet&quot;:&quot;&quot;,&quot;jet_parallax_layout_bg_x_mobile&quot;:&quot;&quot;,&quot;jet_parallax_layout_bg_y_tablet&quot;:&quot;&quot;,&quot;jet_parallax_layout_bg_y_mobile&quot;:&quot;&quot;,&quot;jet_parallax_layout_bg_size&quot;:&quot;auto&quot;,&quot;jet_parallax_layout_bg_size_tablet&quot;:&quot;&quot;,&quot;jet_parallax_layout_bg_size_mobile&quot;:&quot;&quot;,&quot;jet_parallax_layout_animation_prop&quot;:&quot;transform&quot;,&quot;jet_parallax_layout_on&quot;:[&quot;desktop&quot;,&quot;tablet&quot;]}]}\">\n\t\t\t\t\t\t<div class=\"elementor-container elementor-column-gap-default\">\n\t\t\t\t\t\t\t<div class=\"elementor-row\">\n\t\t\t\t\t<div class=\"elementor-column elementor-col-100 elementor-inner-column elementor-element elementor-element-9508741\" data-id=\"9508741\" data-element_type=\"column\">\n\t\t\t<div class=\"elementor-column-wrap elementor-element-populated\">\n\t\t\t\t\t\t\t<div class=\"elementor-widget-wrap\">\n\t\t\t\t\t\t<div class=\"elementor-element elementor-element-35cd9125 elementor-align-center elementor-widget elementor-widget-raven-heading\" data-id=\"35cd9125\" data-element_type=\"widget\" data-widget_type=\"raven-heading.default\">\n\t\t\t\t<div class=\"elementor-widget-container\">\n\t\t\t\t\t<div class=\"raven-widget-wrapper\"><h2 class=\"raven-heading raven-heading-h2\"><span class=\"raven-heading-title\">About Us<\/span><\/h2><\/div>\n\t\t\t\t<\/div>\n\t\t\t\t<\/div>\n\t\t\t\t<div class=\"elementor-element elementor-element-3384f962 elementor-align-center elementor-widget elementor-widget-raven-heading\" data-id=\"3384f962\" data-element_type=\"widget\" data-widget_type=\"raven-heading.default\">\n\t\t\t\t<div class=\"elementor-widget-container\">\n\t\t\t\t\t<div class=\"raven-widget-wrapper\"><h3 class=\"raven-heading raven-heading-h3\"><span class=\"raven-heading-title\">E-sycare decided to expand the scope of its activities to private customers. We are committed to quality in the responses we give to family needs in the home context. We present you Serenity.<\/span><\/h3><\/div>\n\t\t\t\t<\/div>\n\t\t\t\t<\/div>\n\t\t\t\t\t\t<\/div>\n\t\t\t\t\t<\/div>\n\t\t<\/div>\n\t\t\t\t\t\t\t\t<\/div>\n\t\t\t\t\t<\/div>\n\t\t<\/section>\n\t\t\t\t<div class=\"elementor-element elementor-element-93d93b2 elementor-widget elementor-widget-spacer\" data-id=\"93d93b2\" data-element_type=\"widget\" data-widget_type=\"spacer.default\">\n\t\t\t\t<div class=\"elementor-widget-container\">\n\t\t\t\t\t<div class=\"elementor-spacer\">\n\t\t\t<div class=\"elementor-spacer-inner\"><\/div>\n\t\t<\/div>\n\t\t\t\t<\/div>\n\t\t\t\t<\/div>\n\t\t\t\t<div class=\"elementor-element elementor-element-4b673fca elementor-widget__width-auto elementor-absolute elementor-hidden-tablet elementor-hidden-mobile elementor-widget elementor-widget-raven-image\" data-id=\"4b673fca\" data-element_type=\"widget\" data-settings=\"{&quot;_position&quot;:&quot;absolute&quot;}\" data-widget_type=\"raven-image.default\">\n\t\t\t\t<div class=\"elementor-widget-container\">\n\t\t\t\t\t<div class=\"raven-image\">\n\t\t\n\t\t\n\t\t<img width=\"599\" height=\"553\" src=\"https:\/\/e-sycare.com\/wp-content\/uploads\/2023\/01\/about-us-bg-03.png\" class=\"attachment-full size-full wp-image-1822\" alt=\"\" decoding=\"async\" loading=\"lazy\" srcset=\"https:\/\/e-sycare.com\/wp-content\/uploads\/2023\/01\/about-us-bg-03.png 599w, https:\/\/e-sycare.com\/wp-content\/uploads\/2023\/01\/about-us-bg-03-300x277.png 300w\" sizes=\"(max-width: 599px) 100vw, 599px\" \/>\t\t<\/div>\n\t\t\t\t<\/div>\n\t\t\t\t<\/div>\n\t\t\t\t<div class=\"elementor-element elementor-element-e6f9267 elementor-widget elementor-widget-raven-image\" data-id=\"e6f9267\" data-element_type=\"widget\" data-widget_type=\"raven-image.default\">\n\t\t\t\t<div class=\"elementor-widget-container\">\n\t\t\t\t\t<div class=\"raven-image\">\n\t\t\n\t\t\n\t\t<img width=\"1920\" height=\"640\" src=\"https:\/\/e-sycare.com\/wp-content\/uploads\/2023\/02\/1920_iStock-1210227450.jpg\" class=\"attachment-full size-full wp-image-2367\" alt=\"\" decoding=\"async\" loading=\"lazy\" srcset=\"https:\/\/e-sycare.com\/wp-content\/uploads\/2023\/02\/1920_iStock-1210227450.jpg 1920w, https:\/\/e-sycare.com\/wp-content\/uploads\/2023\/02\/1920_iStock-1210227450-300x100.jpg 300w, https:\/\/e-sycare.com\/wp-content\/uploads\/2023\/02\/1920_iStock-1210227450-1024x341.jpg 1024w, https:\/\/e-sycare.com\/wp-content\/uploads\/2023\/02\/1920_iStock-1210227450-768x256.jpg 768w, https:\/\/e-sycare.com\/wp-content\/uploads\/2023\/02\/1920_iStock-1210227450-1536x512.jpg 1536w\" sizes=\"(max-width: 1920px) 100vw, 1920px\" \/>\t\t<\/div>\n\t\t\t\t<\/div>\n\t\t\t\t<\/div>\n\t\t\t\t<section class=\"elementor-section elementor-inner-section elementor-element elementor-element-62af4f48 elementor-section-boxed elementor-section-height-default elementor-section-height-default\" data-id=\"62af4f48\" data-element_type=\"section\" data-settings=\"{&quot;jet_parallax_layout_list&quot;:[{&quot;_id&quot;:&quot;e4fcda7&quot;,&quot;jet_parallax_layout_speed&quot;:{&quot;unit&quot;:&quot;%&quot;,&quot;size&quot;:&quot;50&quot;,&quot;sizes&quot;:[]},&quot;jet_parallax_layout_bg_x&quot;:&quot;50&quot;,&quot;jet_parallax_layout_bg_y&quot;:&quot;50&quot;,&quot;jet_parallax_layout_image&quot;:{&quot;url&quot;:&quot;&quot;,&quot;id&quot;:&quot;&quot;,&quot;size&quot;:&quot;&quot;},&quot;jet_parallax_layout_image_tablet&quot;:{&quot;url&quot;:&quot;&quot;,&quot;id&quot;:&quot;&quot;,&quot;size&quot;:&quot;&quot;},&quot;jet_parallax_layout_image_mobile&quot;:{&quot;url&quot;:&quot;&quot;,&quot;id&quot;:&quot;&quot;,&quot;size&quot;:&quot;&quot;},&quot;jet_parallax_layout_type&quot;:&quot;scroll&quot;,&quot;jet_parallax_layout_direction&quot;:null,&quot;jet_parallax_layout_fx_direction&quot;:null,&quot;jet_parallax_layout_z_index&quot;:&quot;&quot;,&quot;jet_parallax_layout_bg_x_tablet&quot;:&quot;&quot;,&quot;jet_parallax_layout_bg_x_mobile&quot;:&quot;&quot;,&quot;jet_parallax_layout_bg_y_tablet&quot;:&quot;&quot;,&quot;jet_parallax_layout_bg_y_mobile&quot;:&quot;&quot;,&quot;jet_parallax_layout_bg_size&quot;:&quot;auto&quot;,&quot;jet_parallax_layout_bg_size_tablet&quot;:&quot;&quot;,&quot;jet_parallax_layout_bg_size_mobile&quot;:&quot;&quot;,&quot;jet_parallax_layout_animation_prop&quot;:&quot;transform&quot;,&quot;jet_parallax_layout_on&quot;:[&quot;desktop&quot;,&quot;tablet&quot;]}]}\">\n\t\t\t\t\t\t<div class=\"elementor-container elementor-column-gap-default\">\n\t\t\t\t\t\t\t<div class=\"elementor-row\">\n\t\t\t\t\t<div class=\"elementor-column elementor-col-100 elementor-inner-column elementor-element elementor-element-f18d025\" data-id=\"f18d025\" data-element_type=\"column\">\n\t\t\t<div class=\"elementor-column-wrap elementor-element-populated\">\n\t\t\t\t\t\t\t<div class=\"elementor-widget-wrap\">\n\t\t\t\t\t\t<div class=\"elementor-element elementor-element-1f1e9ae3 elementor-widget elementor-widget-text-editor\" data-id=\"1f1e9ae3\" data-element_type=\"widget\" data-widget_type=\"text-editor.default\">\n\t\t\t\t<div class=\"elementor-widget-container\">\n\t\t\t\t\t\t\t\t<div class=\"elementor-text-editor elementor-clearfix\">\n\t\t\t\t<p>Serenidade works to provide care and services to the whole family, in situations that, temporarily or permanently, cannot ensure the satisfaction of their basic needs or the performance of daily life activities.<\/p>\t\t\t\t\t<\/div>\n\t\t\t\t\t\t<\/div>\n\t\t\t\t<\/div>\n\t\t\t\t\t\t<\/div>\n\t\t\t\t\t<\/div>\n\t\t<\/div>\n\t\t\t\t\t\t\t\t<\/div>\n\t\t\t\t\t<\/div>\n\t\t<\/section>\n\t\t\t\t\t\t<\/div>\n\t\t\t\t\t<\/div>\n\t\t<\/div>\n\t\t\t\t\t\t\t\t<\/div>\n\t\t\t\t\t<\/div>\n\t\t<\/section>\n\t\t\t\t<section class=\"elementor-section elementor-top-section elementor-element elementor-element-eb93492 elementor-section-boxed elementor-section-height-default elementor-section-height-default\" data-id=\"eb93492\" data-element_type=\"section\" data-settings=\"{&quot;jet_parallax_layout_list&quot;:[{&quot;jet_parallax_layout_image&quot;:{&quot;url&quot;:&quot;&quot;,&quot;id&quot;:&quot;&quot;,&quot;size&quot;:&quot;&quot;},&quot;_id&quot;:&quot;253a9ba&quot;,&quot;jet_parallax_layout_speed&quot;:{&quot;unit&quot;:&quot;%&quot;,&quot;size&quot;:&quot;50&quot;,&quot;sizes&quot;:[]},&quot;jet_parallax_layout_bg_x&quot;:&quot;50&quot;,&quot;jet_parallax_layout_bg_y&quot;:&quot;50&quot;,&quot;jet_parallax_layout_image_tablet&quot;:{&quot;url&quot;:&quot;&quot;,&quot;id&quot;:&quot;&quot;,&quot;size&quot;:&quot;&quot;},&quot;jet_parallax_layout_image_mobile&quot;:{&quot;url&quot;:&quot;&quot;,&quot;id&quot;:&quot;&quot;,&quot;size&quot;:&quot;&quot;},&quot;jet_parallax_layout_type&quot;:&quot;scroll&quot;,&quot;jet_parallax_layout_direction&quot;:null,&quot;jet_parallax_layout_fx_direction&quot;:null,&quot;jet_parallax_layout_z_index&quot;:&quot;&quot;,&quot;jet_parallax_layout_bg_x_tablet&quot;:&quot;&quot;,&quot;jet_parallax_layout_bg_x_mobile&quot;:&quot;&quot;,&quot;jet_parallax_layout_bg_y_tablet&quot;:&quot;&quot;,&quot;jet_parallax_layout_bg_y_mobile&quot;:&quot;&quot;,&quot;jet_parallax_layout_bg_size&quot;:&quot;auto&quot;,&quot;jet_parallax_layout_bg_size_tablet&quot;:&quot;&quot;,&quot;jet_parallax_layout_bg_size_mobile&quot;:&quot;&quot;,&quot;jet_parallax_layout_animation_prop&quot;:&quot;transform&quot;,&quot;jet_parallax_layout_on&quot;:[&quot;desktop&quot;,&quot;tablet&quot;]}]}\">\n\t\t\t\t\t\t<div class=\"elementor-container elementor-column-gap-default\">\n\t\t\t\t\t\t\t<div class=\"elementor-row\">\n\t\t\t\t\t<div class=\"elementor-column elementor-col-100 elementor-top-column elementor-element elementor-element-65eb29e\" data-id=\"65eb29e\" data-element_type=\"column\">\n\t\t\t<div class=\"elementor-column-wrap elementor-element-populated\">\n\t\t\t\t\t\t\t<div class=\"elementor-widget-wrap\">\n\t\t\t\t\t\t<div class=\"elementor-element elementor-element-8f54e3b elementor-tablet-align-center elementor-mobile-align-center elementor-widget elementor-widget-raven-divider\" data-id=\"8f54e3b\" data-element_type=\"widget\" data-widget_type=\"raven-divider.default\">\n\t\t\t\t<div class=\"elementor-widget-container\">\n\t\t\t\t\t<div class=\"raven-widget-wrapper\">\n\t\t\t<div class=\"raven-divider\">\n\t\t\t\t<span class=\"raven-divider-line raven-divider-solid\"><\/span>\n\t\t\t<\/div>\n\t\t<\/div>\n\t\t\t\t<\/div>\n\t\t\t\t<\/div>\n\t\t\t\t<div class=\"elementor-element elementor-element-c34c505 elementor-align-center elementor-widget elementor-widget-raven-heading\" data-id=\"c34c505\" data-element_type=\"widget\" data-widget_type=\"raven-heading.default\">\n\t\t\t\t<div class=\"elementor-widget-container\">\n\t\t\t\t\t<div class=\"raven-widget-wrapper\"><h2 class=\"raven-heading raven-heading-h2\"><span class=\"raven-heading-title\">We promote autonomy, independence and quality of life through our services, see how.<\/span><\/h2><\/div>\n\t\t\t\t<\/div>\n\t\t\t\t<\/div>\n\t\t\t\t<div class=\"elementor-element elementor-element-b9c8dfe elementor-align-center elementor-widget elementor-widget-raven-button\" data-id=\"b9c8dfe\" data-element_type=\"widget\" data-widget_type=\"raven-button.default\">\n\t\t\t\t<div class=\"elementor-widget-container\">\n\t\t\t\t\t<div class=\"raven-widget-wrapper\">\n\t\t\t<a class=\"raven-button raven-button-widget-normal-effect-none raven-button-text-align-center raven-button-link elementor-animation-none\" href=\"https:\/\/e-sycare.com\/en\/services-serenity\/\">\n\t\t\t\t<span class=\"raven-button-content\">\n\t\t\t\t\t\n\t\t\t\t\t<div class=\"button-text-container\">\n\t\t\t\t\t\t\t\t\t\t\t\t<div class=\"raven-button-texts-wrapper\">\n\t\t\t\t\t\t\t<div class=\"button-text\">\n\t\t\t\t\t\t\t\t<span class=\"raven-button-text\">\n\t\t\t\t\t\t\t\t\tKnow More\t\t\t\t\t\t\t\t<\/span>\n\t\t\t\t\t\t\t<\/div>\n\t\t\t\t\t\t\t\t\t\t\t\t\t<\/div>\n\t\t\t\t\t\t\t\t\t\t\t<\/div>\n\t\t\t\t\t\n\t\t\t\t\t\t\t\t\t<\/span>\n\t\t\t<\/a>\n\t\t<\/div>\n\t\t\t\t<\/div>\n\t\t\t\t<\/div>\n\t\t\t\t<div class=\"elementor-element elementor-element-c1fbf97 elementor-tablet-align-center elementor-mobile-align-center elementor-widget elementor-widget-raven-divider\" data-id=\"c1fbf97\" data-element_type=\"widget\" data-widget_type=\"raven-divider.default\">\n\t\t\t\t<div class=\"elementor-widget-container\">\n\t\t\t\t\t<div class=\"raven-widget-wrapper\">\n\t\t\t<div class=\"raven-divider\">\n\t\t\t\t<span class=\"raven-divider-line raven-divider-solid\"><\/span>\n\t\t\t<\/div>\n\t\t<\/div>\n\t\t\t\t<\/div>\n\t\t\t\t<\/div>\n\t\t\t\t\t\t<\/div>\n\t\t\t\t\t<\/div>\n\t\t<\/div>\n\t\t\t\t\t\t\t\t<\/div>\n\t\t\t\t\t<\/div>\n\t\t<\/section>\n\t\t\t\t\t\t\t\t\t<\/div>\n\t\t\t<\/div>\n\t\t\t\t\t<\/div>\n\t\t","protected":false},"excerpt":{"rendered":"<p>About Us E-sycare decided to expand the scope of its activities to private customers. We are committed to quality in the responses we give to family needs in the home context. We present you Serenity. Serenidade works to provide care and services to the whole family, in situations that, temporarily or permanently, cannot ensure the [&hellip;]<\/p>\n","protected":false},"author":2,"featured_media":0,"parent":0,"menu_order":0,"comment_status":"closed","ping_status":"closed","template":"elementor_header_footer","meta":{"_mi_skip_tracking":false,"_expiration-date-status":"","_expiration-date":0,"_expiration-date-type":"","_expiration-date-categories":[],"_expiration-date-options":[]},"acf":[],"yoast_head":"<!-- This site is optimized with the Yoast SEO plugin v20.1 - https:\/\/yoast.com\/wordpress\/plugins\/seo\/ -->\n<title>Who We Are Serenity &ndash; E-Sycare<\/title>\n<meta name=\"description\" content=\"A e-sycare \u00e9 uma empresa com \u00e1reas de atividade distintas mas interligadas: Sa\u00fade, Financeira, Administrativa e Servi\u00e7os Gerais.\" \/>\n<meta name=\"robots\" content=\"index, follow, max-snippet:-1, max-image-preview:large, max-video-preview:-1\" \/>\n<link rel=\"canonical\" href=\"https:\/\/e-sycare.com\/en\/who-we-are-serenity\/\" \/>\n<meta property=\"og:locale\" content=\"en_US\" \/>\n<meta property=\"og:type\" content=\"article\" \/>\n<meta property=\"og:title\" content=\"Who We Are Serenity &ndash; E-Sycare\" \/>\n<meta property=\"og:description\" content=\"A e-sycare \u00e9 uma empresa com \u00e1reas de atividade distintas mas interligadas: Sa\u00fade, Financeira, Administrativa e Servi\u00e7os Gerais.\" \/>\n<meta property=\"og:url\" content=\"https:\/\/e-sycare.com\/en\/who-we-are-serenity\/\" \/>\n<meta property=\"og:site_name\" content=\"E-Sycare\" \/>\n<meta property=\"article:publisher\" content=\"https:\/\/facebook.com\/e.sycare\" \/>\n<meta property=\"article:modified_time\" content=\"2023-02-23T22:20:22+00:00\" \/>\n<meta property=\"og:image\" content=\"https:\/\/e-sycare.com\/wp-content\/uploads\/2019\/09\/home-bg-01-grey.png\" \/>\n<meta name=\"twitter:card\" content=\"summary_large_image\" \/>\n<meta name=\"twitter:label1\" content=\"Est. reading time\" \/>\n\t<meta name=\"twitter:data1\" content=\"2 minutes\" \/>\n<script type=\"application\/ld+json\" class=\"yoast-schema-graph\">{\"@context\":\"https:\/\/schema.org\",\"@graph\":[{\"@type\":\"WebPage\",\"@id\":\"https:\/\/e-sycare.com\/en\/who-we-are-serenity\/\",\"url\":\"https:\/\/e-sycare.com\/en\/who-we-are-serenity\/\",\"name\":\"Who We Are Serenity &ndash; E-Sycare\",\"isPartOf\":{\"@id\":\"https:\/\/e-sycare.com\/#website\"},\"datePublished\":\"2023-01-16T21:58:43+00:00\",\"dateModified\":\"2023-02-23T22:20:22+00:00\",\"description\":\"A e-sycare \u00e9 uma empresa com \u00e1reas de atividade distintas mas interligadas: Sa\u00fade, Financeira, Administrativa e Servi\u00e7os Gerais.\",\"breadcrumb\":{\"@id\":\"https:\/\/e-sycare.com\/en\/who-we-are-serenity\/#breadcrumb\"},\"inLanguage\":\"en-US\",\"potentialAction\":[{\"@type\":\"ReadAction\",\"target\":[\"https:\/\/e-sycare.com\/en\/who-we-are-serenity\/\"]}]},{\"@type\":\"BreadcrumbList\",\"@id\":\"https:\/\/e-sycare.com\/en\/who-we-are-serenity\/#breadcrumb\",\"itemListElement\":[{\"@type\":\"ListItem\",\"position\":1,\"name\":\"Home\",\"item\":\"https:\/\/e-sycare.com\/\"},{\"@type\":\"ListItem\",\"position\":2,\"name\":\"Who We Are Serenity\"}]},{\"@type\":\"WebSite\",\"@id\":\"https:\/\/e-sycare.com\/#website\",\"url\":\"https:\/\/e-sycare.com\/\",\"name\":\"E-Sycare\",\"description\":\"New Concepts in Services\",\"publisher\":{\"@id\":\"https:\/\/e-sycare.com\/#organization\"},\"potentialAction\":[{\"@type\":\"SearchAction\",\"target\":{\"@type\":\"EntryPoint\",\"urlTemplate\":\"https:\/\/e-sycare.com\/?s={search_term_string}\"},\"query-input\":\"required name=search_term_string\"}],\"inLanguage\":\"en-US\"},{\"@type\":\"Organization\",\"@id\":\"https:\/\/e-sycare.com\/#organization\",\"name\":\"E-Sycare\",\"url\":\"https:\/\/e-sycare.com\/\",\"logo\":{\"@type\":\"ImageObject\",\"inLanguage\":\"en-US\",\"@id\":\"https:\/\/e-sycare.com\/#\/schema\/logo\/image\/\",\"url\":\"https:\/\/e-sycare.com\/wp-content\/uploads\/2019\/12\/logo.png\",\"contentUrl\":\"https:\/\/e-sycare.com\/wp-content\/uploads\/2019\/12\/logo.png\",\"width\":234,\"height\":92,\"caption\":\"E-Sycare\"},\"image\":{\"@id\":\"https:\/\/e-sycare.com\/#\/schema\/logo\/image\/\"},\"sameAs\":[\"https:\/\/facebook.com\/e.sycare\",\"https:\/\/linkedin.com\/company\/e-sycare\"]}]}<\/script>\n<!-- \/ Yoast SEO plugin. -->","yoast_head_json":{"title":"Who We Are Serenity &ndash; E-Sycare","description":"A e-sycare \u00e9 uma empresa com \u00e1reas de atividade distintas mas interligadas: Sa\u00fade, Financeira, Administrativa e Servi\u00e7os Gerais.","robots":{"index":"index","follow":"follow","max-snippet":"max-snippet:-1","max-image-preview":"max-image-preview:large","max-video-preview":"max-video-preview:-1"},"canonical":"https:\/\/e-sycare.com\/en\/who-we-are-serenity\/","og_locale":"en_US","og_type":"article","og_title":"Who We Are Serenity &ndash; E-Sycare","og_description":"A e-sycare \u00e9 uma empresa com \u00e1reas de atividade distintas mas interligadas: Sa\u00fade, Financeira, Administrativa e Servi\u00e7os Gerais.","og_url":"https:\/\/e-sycare.com\/en\/who-we-are-serenity\/","og_site_name":"E-Sycare","article_publisher":"https:\/\/facebook.com\/e.sycare","article_modified_time":"2023-02-23T22:20:22+00:00","og_image":[{"url":"https:\/\/e-sycare.com\/wp-content\/uploads\/2019\/09\/home-bg-01-grey.png"}],"twitter_card":"summary_large_image","twitter_misc":{"Est. reading time":"2 minutes"},"schema":{"@context":"https:\/\/schema.org","@graph":[{"@type":"WebPage","@id":"https:\/\/e-sycare.com\/en\/who-we-are-serenity\/","url":"https:\/\/e-sycare.com\/en\/who-we-are-serenity\/","name":"Who We Are Serenity &ndash; E-Sycare","isPartOf":{"@id":"https:\/\/e-sycare.com\/#website"},"datePublished":"2023-01-16T21:58:43+00:00","dateModified":"2023-02-23T22:20:22+00:00","description":"A e-sycare \u00e9 uma empresa com \u00e1reas de atividade distintas mas interligadas: Sa\u00fade, Financeira, Administrativa e Servi\u00e7os Gerais.","breadcrumb":{"@id":"https:\/\/e-sycare.com\/en\/who-we-are-serenity\/#breadcrumb"},"inLanguage":"en-US","potentialAction":[{"@type":"ReadAction","target":["https:\/\/e-sycare.com\/en\/who-we-are-serenity\/"]}]},{"@type":"BreadcrumbList","@id":"https:\/\/e-sycare.com\/en\/who-we-are-serenity\/#breadcrumb","itemListElement":[{"@type":"ListItem","position":1,"name":"Home","item":"https:\/\/e-sycare.com\/"},{"@type":"ListItem","position":2,"name":"Who We Are Serenity"}]},{"@type":"WebSite","@id":"https:\/\/e-sycare.com\/#website","url":"https:\/\/e-sycare.com\/","name":"E-Sycare","description":"New Concepts in Services","publisher":{"@id":"https:\/\/e-sycare.com\/#organization"},"potentialAction":[{"@type":"SearchAction","target":{"@type":"EntryPoint","urlTemplate":"https:\/\/e-sycare.com\/?s={search_term_string}"},"query-input":"required name=search_term_string"}],"inLanguage":"en-US"},{"@type":"Organization","@id":"https:\/\/e-sycare.com\/#organization","name":"E-Sycare","url":"https:\/\/e-sycare.com\/","logo":{"@type":"ImageObject","inLanguage":"en-US","@id":"https:\/\/e-sycare.com\/#\/schema\/logo\/image\/","url":"https:\/\/e-sycare.com\/wp-content\/uploads\/2019\/12\/logo.png","contentUrl":"https:\/\/e-sycare.com\/wp-content\/uploads\/2019\/12\/logo.png","width":234,"height":92,"caption":"E-Sycare"},"image":{"@id":"https:\/\/e-sycare.com\/#\/schema\/logo\/image\/"},"sameAs":["https:\/\/facebook.com\/e.sycare","https:\/\/linkedin.com\/company\/e-sycare"]}]}},"_links":{"self":[{"href":"https:\/\/e-sycare.com\/en\/wp-json\/wp\/v2\/pages\/1819"}],"collection":[{"href":"https:\/\/e-sycare.com\/en\/wp-json\/wp\/v2\/pages"}],"about":[{"href":"https:\/\/e-sycare.com\/en\/wp-json\/wp\/v2\/types\/page"}],"author":[{"embeddable":true,"href":"https:\/\/e-sycare.com\/en\/wp-json\/wp\/v2\/users\/2"}],"replies":[{"embeddable":true,"href":"https:\/\/e-sycare.com\/en\/wp-json\/wp\/v2\/comments?post=1819"}],"version-history":[{"count":20,"href":"https:\/\/e-sycare.com\/en\/wp-json\/wp\/v2\/pages\/1819\/revisions"}],"predecessor-version":[{"id":2415,"href":"https:\/\/e-sycare.com\/en\/wp-json\/wp\/v2\/pages\/1819\/revisions\/2415"}],"wp:attachment":[{"href":"https:\/\/e-sycare.com\/en\/wp-json\/wp\/v2\/media?parent=1819"}],"curies":[{"name":"wp","href":"https:\/\/api.w.org\/{rel}","templated":true}]}}